{"id":2,"date":"2010-02-22T17:34:39","date_gmt":"2010-02-22T16:34:39","guid":{"rendered":""},"modified":"2010-03-04T16:05:48","modified_gmt":"2010-03-04T15:05:48","slug":"about","status":"publish","type":"page","link":"https:\/\/page.fachmedien.de\/wordpress\/steuerboard\/about\/","title":{"rendered":"\u00dcber das Blog"},"content":{"rendered":"<p>Staaten verschulden sich zunehmend in astronomischen H\u00f6hen und das Thema &#8222;Steuern&#8220; wird schon aus fiskalpolitischen Gr\u00fcnden stets brisanter. Auf welche steuerrechtlichen Entwicklungen haben sich die Steuerb\u00fcrger einzustellen und was bedeutet dies f\u00fcr jeden Einzelnen? Antworten auf diese Fragen nehmen im Zuge eines verst\u00e4rkten Sicherheitsbed\u00fcrfnisses einen immer gr\u00f6\u00dferen Raum bei der Entscheidungsfindung sowohl im privaten als auch unternehmerischen Bereich ein.<\/p>\n<p>Steuerboard ist das neue Blog des Handelsblatts zu aktuellen Steuerthemen. Als Blog-Autoren agieren renommierte Fachexperten aus der Wissenschaft und Beratung. So liefert Steuerboard interessierten Teilnehmern nicht nur Bewertungsma\u00dfst\u00e4be f\u00fcr das steuerpolitische Tagesgeschehen, sondern auch Informationen f\u00fcr besser begr\u00fcndete Entscheidungen in der Unternehmens- und Beratungspraxis.<\/p>\n<p>\u00dcber das reine Informationsmedium hinaus sollen die Blog-Beitr\u00e4ge vor allem als Basis f\u00fcr spannende Diskussionen zum Verst\u00e4ndnis des aktuellen Steuerrechts dienen. Schreiben Sie uns Ihre Meinung zur allgemeinen Steuerrechtsentwicklung, wichtigen Finanzgerichtsentscheidungen oder streitigen Verwaltungsanweisungen.<\/p>\n","protected":false},"excerpt":{"rendered":"<p>Staaten verschulden sich zunehmend in astronomischen H\u00f6hen und das Thema &#8222;Steuern&#8220; wird schon aus fiskalpolitischen Gr\u00fcnden stets brisanter. Auf welche steuerrechtlichen Entwicklungen haben sich die Steuerb\u00fcrger einzustellen und was bedeutet dies f\u00fcr jeden Einzelnen? Antworten auf diese Fragen nehmen im &hellip; <a href=\"https:\/\/page.fachmedien.de\/wordpress\/steuerboard\/about\/\">Weiterlesen <span class=\"meta-nav\">&rarr;<\/span><\/a><\/p>\n","protected":false},"author":304370,"featured_media":0,"parent":0,"menu_order":0,"comment_status":"closed","ping_status":"closed","template":"","meta":[],"acf":[],"_links":{"self":[{"href":"https:\/\/page.fachmedien.de\/wordpress\/steuerboard\/wp-json\/wp\/v2\/pages\/2"}],"collection":[{"href":"https:\/\/page.fachmedien.de\/wordpress\/steuerboard\/wp-json\/wp\/v2\/pages"}],"about":[{"href":"https:\/\/page.fachmedien.de\/wordpress\/steuerboard\/wp-json\/wp\/v2\/types\/page"}],"author":[{"embeddable":true,"href":"https:\/\/page.fachmedien.de\/wordpress\/steuerboard\/wp-json\/wp\/v2\/users\/304370"}],"replies":[{"embeddable":true,"href":"https:\/\/page.fachmedien.de\/wordpress\/steuerboard\/wp-json\/wp\/v2\/comments?post=2"}],"version-history":[{"count":5,"href":"https:\/\/page.fachmedien.de\/wordpress\/steuerboard\/wp-json\/wp\/v2\/pages\/2\/revisions"}],"predecessor-version":[{"id":9,"href":"https:\/\/page.fachmedien.de\/wordpress\/steuerboard\/wp-json\/wp\/v2\/pages\/2\/revisions\/9"}],"wp:attachment":[{"href":"https:\/\/page.fachmedien.de\/wordpress\/steuerboard\/wp-json\/wp\/v2\/media?parent=2"}],"curies":[{"name":"wp","href":"https:\/\/api.w.org\/{rel}","templated":true}]}}